{"id":9333,"date":"2020-04-29T17:33:05","date_gmt":"2020-04-29T17:33:05","guid":{"rendered":"https:\/\/lhchosting.com\/hosna\/?post_type=product&#038;p=9333"},"modified":"2020-04-29T17:34:10","modified_gmt":"2020-04-29T17:34:10","slug":"cable-antichute-fa-20-400-20","status":"publish","type":"product","link":"https:\/\/eurlhosnakamel.dz\/dz\/produit\/cable-antichute-fa-20-400-20\/","title":{"rendered":"C\u00c2BLE ANTICHUTE &#8211; FA 20 400 20"},"content":{"rendered":"<div class=\"product-tabs tabs\">\n<div id=\"tab-content\" class=\"tab-content\">\n<div id=\"description\" class=\"tab-pane fade in active\" role=\"tabpanel\">\n<div class=\"product-description\">\n<p><strong>OLYMPE c\u00e2ble, antichute \u00e0 rappel automatique 25 ou 30 m<\/strong><\/p>\n<p>\u2022 Carters polymer haute resistance, quasiment indestructible. Poign\u00e9e de portage avec un grip sp\u00e9cial pour un confort parfait durant le transport.<\/p>\n<p>\u2022 C\u00e2ble acier galvanis\u00e9 diam 4,5 mm avec une poign\u00e9e de pr\u00e9hension sur le c\u00e2ble.<\/p>\n<p>\u2022 Syst\u00e8me frein int\u00e9gr\u00e9 pour r\u00e9duction de la force d\u2019impact inf\u00e9rieur \u00e0 6kN.<\/p>\n<p>\u2022 Fourni avec un \u00e9merillon et connecteur FA 50 101 17 pour connexion sur le point d\u2019ancrage, et un connecteur FA 50 203 11 sur le c\u00e2ble. FA 50 203 11 connecteur avec<\/p>\n<p>\u2022 indicateur de chute.<\/p>\n<p>\u2022 R\u00e9sistance: 12 kN<\/p>\n<p>\u2022 Test\u00e9 et approv\u00e9 pour une utilisation horizontale avec la longe FA 40 304 15.<\/p>\n<p><img decoding=\"async\" src=\"https:\/\/www.a3safe.com\/img\/cms\/ISO\/Harnais-ceinture\/26.png\" alt=\"26.png\" width=\"250\" height=\"83\" \/><\/p>\n<\/div>\n<\/div>\n<\/div>\n<\/div>\n","protected":false},"excerpt":{"rendered":"<p dir=\"ltr\"><strong>Mati\u00e8res : Carter Polym\u00e8re Haute R\u00e9sistance<\/strong><\/p>\n<p dir=\"ltr\"><strong>C\u00e2ble : Acier Galvanis\u00e9<\/strong><\/p>\n<p dir=\"ltr\"><strong>Connecteur : Acier<\/strong><\/p>\n<p dir=\"ltr\"><strong>Poids Maxi Utilisateur (Utilisation Horizontale) : 100 kg<\/strong><\/p>\n<p dir=\"ltr\"><strong>Poids Maxi Utilisateur (Utilisation Verticale) : 100 Kg<\/strong><\/p>\n","protected":false},"featured_media":9335,"template":"","meta":[],"product_cat":[641,557,637],"product_tag":[2121],"class_list":{"0":"post-9333","1":"product","2":"type-product","3":"status-publish","4":"has-post-thumbnail","6":"product_cat-antichute","7":"product_cat-epi","8":"product_cat-protection-antichute","9":"product_tag-cable-antichute-fa-20-400-20","10":"product_brand-a3-safe","12":"first","13":"instock","14":"shipping-taxable","15":"product-type-simple","16":"col-xs-6 col-sm-4","17":"col-md-3 col-lg-3","18":"un-4-cols"},"yoast_head":"<!-- This site is optimized with the Yoast SEO plugin v22.5 - https:\/\/yoast.com\/wordpress\/plugins\/seo\/ -->\n<title>C\u00c2BLE ANTICHUTE - FA 20 400 20 - EURL HOSNA KAMEL<\/title>\n<meta name=\"description\" content=\"C\u00c2BLE ANTICHUTE - FA 20 400 20 - EURL HOSNA KAMEL\" \/>\n<meta name=\"robots\" content=\"index, follow, max-snippet:-1, max-image-preview:large, max-video-preview:-1\" \/>\n<link rel=\"canonical\" href=\"https:\/\/eurlhosnakamel.dz\/dz\/produit\/cable-antichute-fa-20-400-20\/\" \/>\n<meta property=\"og:locale\" content=\"fr_FR\" \/>\n<meta property=\"og:type\" content=\"article\" \/>\n<meta property=\"og:title\" content=\"C\u00c2BLE ANTICHUTE - FA 20 400 20 - EURL HOSNA KAMEL\" \/>\n<meta property=\"og:description\" content=\"C\u00c2BLE ANTICHUTE - FA 20 400 20 - EURL HOSNA KAMEL\" \/>\n<meta property=\"og:url\" content=\"https:\/\/eurlhosnakamel.dz\/dz\/produit\/cable-antichute-fa-20-400-20\/\" \/>\n<meta property=\"og:site_name\" content=\"EURL HOSNA KAMEL\" \/>\n<meta property=\"article:publisher\" content=\"https:\/\/www.facebook.com\/Eurl.Hosna.DZ\/\" \/>\n<meta property=\"article:modified_time\" content=\"2020-04-29T17:34:10+00:00\" \/>\n<meta property=\"og:image\" content=\"https:\/\/eurlhosnakamel.dz\/dz\/wp-content\/uploads\/2020\/04\/antichute-eurl-hosna-kamel-algerie-1.jpg\" \/>\n\t<meta property=\"og:image:width\" content=\"512\" \/>\n\t<meta property=\"og:image:height\" content=\"512\" \/>\n\t<meta property=\"og:image:type\" content=\"image\/jpeg\" \/>\n<meta name=\"twitter:card\" content=\"summary_large_image\" \/>\n<meta name=\"twitter:label1\" content=\"Dur\u00e9e de lecture estim\u00e9e\" \/>\n\t<meta name=\"twitter:data1\" content=\"1 minute\" \/>\n<script type=\"application\/ld+json\" class=\"yoast-schema-graph\">{\"@context\":\"https:\/\/schema.org\",\"@graph\":[{\"@type\":\"WebPage\",\"@id\":\"https:\/\/eurlhosnakamel.dz\/dz\/produit\/cable-antichute-fa-20-400-20\/\",\"url\":\"https:\/\/eurlhosnakamel.dz\/dz\/produit\/cable-antichute-fa-20-400-20\/\",\"name\":\"C\u00c2BLE ANTICHUTE - FA 20 400 20 - EURL HOSNA KAMEL\",\"isPartOf\":{\"@id\":\"https:\/\/eurlhosnakamel.dz\/dz\/#website\"},\"primaryImageOfPage\":{\"@id\":\"https:\/\/eurlhosnakamel.dz\/dz\/produit\/cable-antichute-fa-20-400-20\/#primaryimage\"},\"image\":{\"@id\":\"https:\/\/eurlhosnakamel.dz\/dz\/produit\/cable-antichute-fa-20-400-20\/#primaryimage\"},\"thumbnailUrl\":\"https:\/\/eurlhosnakamel.dz\/dz\/wp-content\/uploads\/2020\/04\/antichute-eurl-hosna-kamel-algerie-1.jpg\",\"datePublished\":\"2020-04-29T17:33:05+00:00\",\"dateModified\":\"2020-04-29T17:34:10+00:00\",\"description\":\"C\u00c2BLE ANTICHUTE - FA 20 400 20 - EURL HOSNA KAMEL\",\"breadcrumb\":{\"@id\":\"https:\/\/eurlhosnakamel.dz\/dz\/produit\/cable-antichute-fa-20-400-20\/#breadcrumb\"},\"inLanguage\":\"fr-FR\",\"potentialAction\":[{\"@type\":\"ReadAction\",\"target\":[\"https:\/\/eurlhosnakamel.dz\/dz\/produit\/cable-antichute-fa-20-400-20\/\"]}]},{\"@type\":\"ImageObject\",\"inLanguage\":\"fr-FR\",\"@id\":\"https:\/\/eurlhosnakamel.dz\/dz\/produit\/cable-antichute-fa-20-400-20\/#primaryimage\",\"url\":\"https:\/\/eurlhosnakamel.dz\/dz\/wp-content\/uploads\/2020\/04\/antichute-eurl-hosna-kamel-algerie-1.jpg\",\"contentUrl\":\"https:\/\/eurlhosnakamel.dz\/dz\/wp-content\/uploads\/2020\/04\/antichute-eurl-hosna-kamel-algerie-1.jpg\",\"width\":512,\"height\":512},{\"@type\":\"BreadcrumbList\",\"@id\":\"https:\/\/eurlhosnakamel.dz\/dz\/produit\/cable-antichute-fa-20-400-20\/#breadcrumb\",\"itemListElement\":[{\"@type\":\"ListItem\",\"position\":1,\"name\":\"Accueil\",\"item\":\"https:\/\/eurlhosnakamel.dz\/dz\/\"},{\"@type\":\"ListItem\",\"position\":2,\"name\":\"Shop\",\"item\":\"https:\/\/eurlhosnakamel.dz\/dz\/shop\/\"},{\"@type\":\"ListItem\",\"position\":3,\"name\":\"C\u00c2BLE ANTICHUTE &#8211; FA 20 400 20\"}]},{\"@type\":\"WebSite\",\"@id\":\"https:\/\/eurlhosnakamel.dz\/dz\/#website\",\"url\":\"https:\/\/eurlhosnakamel.dz\/dz\/\",\"name\":\"EURL HOSNA KAMEL\",\"description\":\"Fournisseur Premium d&#039;Outillages Professionnels en Alg\u00e9rie -\",\"publisher\":{\"@id\":\"https:\/\/eurlhosnakamel.dz\/dz\/#organization\"},\"potentialAction\":[{\"@type\":\"SearchAction\",\"target\":{\"@type\":\"EntryPoint\",\"urlTemplate\":\"https:\/\/eurlhosnakamel.dz\/dz\/?s={search_term_string}\"},\"query-input\":\"required name=search_term_string\"}],\"inLanguage\":\"fr-FR\"},{\"@type\":\"Organization\",\"@id\":\"https:\/\/eurlhosnakamel.dz\/dz\/#organization\",\"name\":\"EURL HOSNA KAMEL - Bosch alg\u00e9rie\",\"url\":\"https:\/\/eurlhosnakamel.dz\/dz\/\",\"logo\":{\"@type\":\"ImageObject\",\"inLanguage\":\"fr-FR\",\"@id\":\"https:\/\/eurlhosnakamel.dz\/dz\/#\/schema\/logo\/image\/\",\"url\":\"https:\/\/eurlhosnakamel.dz\/wp-content\/uploads\/2020\/04\/LOGO-HOSNA1.png\",\"contentUrl\":\"https:\/\/eurlhosnakamel.dz\/wp-content\/uploads\/2020\/04\/LOGO-HOSNA1.png\",\"width\":120,\"height\":127,\"caption\":\"EURL HOSNA KAMEL - Bosch alg\u00e9rie\"},\"image\":{\"@id\":\"https:\/\/eurlhosnakamel.dz\/dz\/#\/schema\/logo\/image\/\"},\"sameAs\":[\"https:\/\/www.facebook.com\/Eurl.Hosna.DZ\/\"]}]}<\/script>\n<!-- \/ Yoast SEO plugin. -->","yoast_head_json":{"title":"C\u00c2BLE ANTICHUTE - FA 20 400 20 - EURL HOSNA KAMEL","description":"C\u00c2BLE ANTICHUTE - FA 20 400 20 - EURL HOSNA KAMEL","robots":{"index":"index","follow":"follow","max-snippet":"max-snippet:-1","max-image-preview":"max-image-preview:large","max-video-preview":"max-video-preview:-1"},"canonical":"https:\/\/eurlhosnakamel.dz\/dz\/produit\/cable-antichute-fa-20-400-20\/","og_locale":"fr_FR","og_type":"article","og_title":"C\u00c2BLE ANTICHUTE - FA 20 400 20 - EURL HOSNA KAMEL","og_description":"C\u00c2BLE ANTICHUTE - FA 20 400 20 - EURL HOSNA KAMEL","og_url":"https:\/\/eurlhosnakamel.dz\/dz\/produit\/cable-antichute-fa-20-400-20\/","og_site_name":"EURL HOSNA KAMEL","article_publisher":"https:\/\/www.facebook.com\/Eurl.Hosna.DZ\/","article_modified_time":"2020-04-29T17:34:10+00:00","og_image":[{"width":512,"height":512,"url":"https:\/\/eurlhosnakamel.dz\/dz\/wp-content\/uploads\/2020\/04\/antichute-eurl-hosna-kamel-algerie-1.jpg","type":"image\/jpeg"}],"twitter_card":"summary_large_image","twitter_misc":{"Dur\u00e9e de lecture estim\u00e9e":"1 minute"},"schema":{"@context":"https:\/\/schema.org","@graph":[{"@type":"WebPage","@id":"https:\/\/eurlhosnakamel.dz\/dz\/produit\/cable-antichute-fa-20-400-20\/","url":"https:\/\/eurlhosnakamel.dz\/dz\/produit\/cable-antichute-fa-20-400-20\/","name":"C\u00c2BLE ANTICHUTE - FA 20 400 20 - EURL HOSNA KAMEL","isPartOf":{"@id":"https:\/\/eurlhosnakamel.dz\/dz\/#website"},"primaryImageOfPage":{"@id":"https:\/\/eurlhosnakamel.dz\/dz\/produit\/cable-antichute-fa-20-400-20\/#primaryimage"},"image":{"@id":"https:\/\/eurlhosnakamel.dz\/dz\/produit\/cable-antichute-fa-20-400-20\/#primaryimage"},"thumbnailUrl":"https:\/\/eurlhosnakamel.dz\/dz\/wp-content\/uploads\/2020\/04\/antichute-eurl-hosna-kamel-algerie-1.jpg","datePublished":"2020-04-29T17:33:05+00:00","dateModified":"2020-04-29T17:34:10+00:00","description":"C\u00c2BLE ANTICHUTE - FA 20 400 20 - EURL HOSNA KAMEL","breadcrumb":{"@id":"https:\/\/eurlhosnakamel.dz\/dz\/produit\/cable-antichute-fa-20-400-20\/#breadcrumb"},"inLanguage":"fr-FR","potentialAction":[{"@type":"ReadAction","target":["https:\/\/eurlhosnakamel.dz\/dz\/produit\/cable-antichute-fa-20-400-20\/"]}]},{"@type":"ImageObject","inLanguage":"fr-FR","@id":"https:\/\/eurlhosnakamel.dz\/dz\/produit\/cable-antichute-fa-20-400-20\/#primaryimage","url":"https:\/\/eurlhosnakamel.dz\/dz\/wp-content\/uploads\/2020\/04\/antichute-eurl-hosna-kamel-algerie-1.jpg","contentUrl":"https:\/\/eurlhosnakamel.dz\/dz\/wp-content\/uploads\/2020\/04\/antichute-eurl-hosna-kamel-algerie-1.jpg","width":512,"height":512},{"@type":"BreadcrumbList","@id":"https:\/\/eurlhosnakamel.dz\/dz\/produit\/cable-antichute-fa-20-400-20\/#breadcrumb","itemListElement":[{"@type":"ListItem","position":1,"name":"Accueil","item":"https:\/\/eurlhosnakamel.dz\/dz\/"},{"@type":"ListItem","position":2,"name":"Shop","item":"https:\/\/eurlhosnakamel.dz\/dz\/shop\/"},{"@type":"ListItem","position":3,"name":"C\u00c2BLE ANTICHUTE &#8211; FA 20 400 20"}]},{"@type":"WebSite","@id":"https:\/\/eurlhosnakamel.dz\/dz\/#website","url":"https:\/\/eurlhosnakamel.dz\/dz\/","name":"EURL HOSNA KAMEL","description":"Fournisseur Premium d&#039;Outillages Professionnels en Alg\u00e9rie -","publisher":{"@id":"https:\/\/eurlhosnakamel.dz\/dz\/#organization"},"potentialAction":[{"@type":"SearchAction","target":{"@type":"EntryPoint","urlTemplate":"https:\/\/eurlhosnakamel.dz\/dz\/?s={search_term_string}"},"query-input":"required name=search_term_string"}],"inLanguage":"fr-FR"},{"@type":"Organization","@id":"https:\/\/eurlhosnakamel.dz\/dz\/#organization","name":"EURL HOSNA KAMEL - Bosch alg\u00e9rie","url":"https:\/\/eurlhosnakamel.dz\/dz\/","logo":{"@type":"ImageObject","inLanguage":"fr-FR","@id":"https:\/\/eurlhosnakamel.dz\/dz\/#\/schema\/logo\/image\/","url":"https:\/\/eurlhosnakamel.dz\/wp-content\/uploads\/2020\/04\/LOGO-HOSNA1.png","contentUrl":"https:\/\/eurlhosnakamel.dz\/wp-content\/uploads\/2020\/04\/LOGO-HOSNA1.png","width":120,"height":127,"caption":"EURL HOSNA KAMEL - Bosch alg\u00e9rie"},"image":{"@id":"https:\/\/eurlhosnakamel.dz\/dz\/#\/schema\/logo\/image\/"},"sameAs":["https:\/\/www.facebook.com\/Eurl.Hosna.DZ\/"]}]}},"_links":{"self":[{"href":"https:\/\/eurlhosnakamel.dz\/dz\/wp-json\/wp\/v2\/product\/9333","targetHints":{"allow":["GET"]}}],"collection":[{"href":"https:\/\/eurlhosnakamel.dz\/dz\/wp-json\/wp\/v2\/product"}],"about":[{"href":"https:\/\/eurlhosnakamel.dz\/dz\/wp-json\/wp\/v2\/types\/product"}],"wp:featuredmedia":[{"embeddable":true,"href":"https:\/\/eurlhosnakamel.dz\/dz\/wp-json\/wp\/v2\/media\/9335"}],"wp:attachment":[{"href":"https:\/\/eurlhosnakamel.dz\/dz\/wp-json\/wp\/v2\/media?parent=9333"}],"wp:term":[{"taxonomy":"product_cat","embeddable":true,"href":"https:\/\/eurlhosnakamel.dz\/dz\/wp-json\/wp\/v2\/product_cat?post=9333"},{"taxonomy":"product_tag","embeddable":true,"href":"https:\/\/eurlhosnakamel.dz\/dz\/wp-json\/wp\/v2\/product_tag?post=9333"}],"curies":[{"name":"wp","href":"https:\/\/api.w.org\/{rel}","templated":true}]}}