{"id":9815,"date":"2020-05-03T11:10:55","date_gmt":"2020-05-03T11:10:55","guid":{"rendered":"https:\/\/lhchosting.com\/hosna\/?post_type=product&#038;p=9815"},"modified":"2021-12-19T08:51:36","modified_gmt":"2021-12-19T08:51:36","slug":"bosch-disq-a-couper-inox-115x1-0mm-expert-0545","status":"publish","type":"product","link":"https:\/\/eurlhosnakamel.dz\/dz\/produit\/bosch-disq-a-couper-inox-115x1-0mm-expert-0545\/","title":{"rendered":"Disque \u00e0 couper Expert pour inox 115 x 22,23 x 2,5mm"},"content":{"rendered":"<h2 class=\"headline hl1\" style=\"text-align: justify\">Points forts des produits<\/h2>\n<div class=\"row\">\n<div class=\"col-md-6 xs-mb-30 lg-mb-0\" style=\"text-align: justify\">\n<h3 class=\"headline hl4\">Disques \u00e0 tron\u00e7onner Expert for Inox<\/h3>\n<p>Disque \u00e0 tron\u00e7onner Expert\u00a0for\u00a0Inox offrant une performance de coupe efficace de l\u2019inox avec un maximum de s\u00e9curit\u00e9<\/p>\n<ul>\n<li>Disque d\u2019oxyde d\u2019aluminium super dur avec enduits et additifs fonctionnels pour r\u00e9duire la chaleur pendant la coupe<\/li>\n<li>Exempt\u00e9 d\u2019enduits ferreux, soufr\u00e9s et chlor\u00e9s<\/li>\n<li>Filet en fibres de verre fabriqu\u00e9 avec pr\u00e9cision garantissant extr\u00eame stabilit\u00e9 et s\u00e9curit\u00e9 lors de la coupe<\/li>\n<\/ul>\n<div class=\"m-product_hightlights__description\">\n<h3 class=\"headline hl4\">Descriptions des produits<\/h3>\n<div>\n<p>Le disque \u00e0 tron\u00e7onner Expert\u00a0for\u00a0Inox offre une performance de coupe efficace de l\u2019acier inoxydable avec un maximum de s\u00e9curit\u00e9. Le disque est constitu\u00e9 d\u2019oxyde d\u2019aluminium super dur de qualit\u00e9 premium, avec des enduits et des additifs fonctionnels, afin de r\u00e9duire la chaleur g\u00e9n\u00e9r\u00e9e lors de la coupe. Cela permet d\u2019obtenir des r\u00e9sultats de bonne qualit\u00e9, une qualit\u00e9 de surface in\u00e9gal\u00e9e et assure une dur\u00e9e de vie optimale. En outre, ce disque abrasif ne contient pas d\u2019enduits ferreux, soufr\u00e9s ni chlor\u00e9s. Un filet en fibres de verre fabriqu\u00e9 avec pr\u00e9cision garantit une s\u00e9curit\u00e9 maximale pendant le travail. Disque \u00e0 utiliser pour la coupe de l\u2019acier inoxydable. Pour meuleuses angulaires.<\/p>\n<\/div>\n<div>\n<p>Les disques \u00e0 tron\u00e7onner Bosch satisfont les exigences les plus strictes en termes de s\u00e9curit\u00e9, telles que les normes EN 12413, FEPA et oSa.<\/p>\n<\/div>\n<\/div>\n<\/div>\n<div class=\"col-md-6\">\n<h3 class=\"headline hl4\" style=\"text-align: justify\">Fonctions<\/h3>\n<div class=\"image-row\">\n<div class=\"image-col\" style=\"text-align: justify\"><img decoding=\"async\" class=\"img-responsive lazyloaded\" title=\"\" src=\"https:\/\/www.bosch-professional.com\/binary\/ocsmedia\/optimized\/100x100\/o42190v82_fast_cut.png\" alt=\"\" data-srcset=\" https:\/\/www.bosch-professional.com\/binary\/ocsmedia\/optimized\/100x100\/o42190v82_fast_cut.png 100w, https:\/\/www.bosch-professional.com\/binary\/ocsmedia\/optimized\/200x200\/o42190v82_fast_cut.png 200w \" \/><\/div>\n<\/div>\n<\/div>\n<\/div>\n","protected":false},"excerpt":{"rendered":"<h4>Disque \u00e0 tron\u00e7onner \u00e0 moyeu plat Expert for Inox &#8211; Rapido<\/h4>\n<table class=\"m-datatable m-datatable--light\">\n<thead>\n<tr>\n<th class=\"no-sort\" data-priority=\"1\">D\u00e9tails<\/th>\n<th class=\"no-sort\" data-priority=\"1\"><\/th>\n<\/tr>\n<\/thead>\n<tbody>\n<tr class=\"\">\n<td>Sp\u00e9cification<\/td>\n<td>AS 60 T INOX BF<\/td>\n<\/tr>\n<tr class=\"\">\n<td>Diam\u00e8tre mm<\/td>\n<td>115<\/td>\n<\/tr>\n<tr class=\"\">\n<td>Al\u00e9sage mm<\/td>\n<td>22,23<\/td>\n<\/tr>\n<tr class=\"\">\n<td>Epaisseur mm<\/td>\n<td>1.0<\/td>\n<\/tr>\n<\/tbody>\n<\/table>\n","protected":false},"featured_media":9817,"template":"","meta":[],"product_cat":[1277,405],"product_tag":[2567],"class_list":{"0":"post-9815","1":"product","2":"type-product","3":"status-publish","4":"has-post-thumbnail","6":"product_cat-accessoires-bosch","7":"product_cat-outillage","8":"product_tag-disque-a-couper-expert-pour-inox-115-x-22-23-x-2-5mm","9":"product_brand-bosch-outillage","11":"first","12":"instock","13":"shipping-taxable","14":"product-type-simple","15":"col-xs-6 col-sm-4","16":"col-md-3 col-lg-3","17":"un-4-cols"},"yoast_head":"<!-- This site is optimized with the Yoast SEO plugin v22.5 - https:\/\/yoast.com\/wordpress\/plugins\/seo\/ -->\n<title>Disque \u00e0 couper Expert pour inox 115 x 22,23 x 2,5mm - EURL HOSNA KAMEL<\/title>\n<meta name=\"description\" content=\"Disque \u00e0 couper Expert pour inox 115 x 22,23 x 2,5mm - EURL HOSNA KAMEL\" \/>\n<meta name=\"robots\" content=\"index, follow, max-snippet:-1, max-image-preview:large, max-video-preview:-1\" \/>\n<link rel=\"canonical\" href=\"https:\/\/eurlhosnakamel.dz\/dz\/produit\/bosch-disq-a-couper-inox-115x1-0mm-expert-0545\/\" \/>\n<meta property=\"og:locale\" content=\"fr_FR\" \/>\n<meta property=\"og:type\" content=\"article\" \/>\n<meta property=\"og:title\" content=\"Disque \u00e0 couper Expert pour inox 115 x 22,23 x 2,5mm - EURL HOSNA KAMEL\" \/>\n<meta property=\"og:description\" content=\"Disque \u00e0 couper Expert pour inox 115 x 22,23 x 2,5mm - EURL HOSNA KAMEL\" \/>\n<meta property=\"og:url\" content=\"https:\/\/eurlhosnakamel.dz\/dz\/produit\/bosch-disq-a-couper-inox-115x1-0mm-expert-0545\/\" \/>\n<meta property=\"og:site_name\" content=\"EURL HOSNA KAMEL\" \/>\n<meta property=\"article:publisher\" content=\"https:\/\/www.facebook.com\/Eurl.Hosna.DZ\/\" \/>\n<meta property=\"article:modified_time\" content=\"2021-12-19T08:51:36+00:00\" \/>\n<meta property=\"og:image\" content=\"https:\/\/eurlhosnakamel.dz\/dz\/wp-content\/uploads\/2020\/05\/BOSCH-DISQ.-A-COUPER-INOX-115x1.0mm-EXPERT-0545eurl-hosna-kamel-algerie.jpg\" \/>\n\t<meta property=\"og:image:width\" content=\"512\" \/>\n\t<meta property=\"og:image:height\" content=\"512\" \/>\n\t<meta property=\"og:image:type\" content=\"image\/jpeg\" \/>\n<meta name=\"twitter:card\" content=\"summary_large_image\" \/>\n<meta name=\"twitter:label1\" content=\"Dur\u00e9e de lecture estim\u00e9e\" \/>\n\t<meta name=\"twitter:data1\" content=\"1 minute\" \/>\n<script type=\"application\/ld+json\" class=\"yoast-schema-graph\">{\"@context\":\"https:\/\/schema.org\",\"@graph\":[{\"@type\":\"WebPage\",\"@id\":\"https:\/\/eurlhosnakamel.dz\/dz\/produit\/bosch-disq-a-couper-inox-115x1-0mm-expert-0545\/\",\"url\":\"https:\/\/eurlhosnakamel.dz\/dz\/produit\/bosch-disq-a-couper-inox-115x1-0mm-expert-0545\/\",\"name\":\"Disque \u00e0 couper Expert pour inox 115 x 22,23 x 2,5mm - EURL HOSNA KAMEL\",\"isPartOf\":{\"@id\":\"https:\/\/eurlhosnakamel.dz\/dz\/#website\"},\"primaryImageOfPage\":{\"@id\":\"https:\/\/eurlhosnakamel.dz\/dz\/produit\/bosch-disq-a-couper-inox-115x1-0mm-expert-0545\/#primaryimage\"},\"image\":{\"@id\":\"https:\/\/eurlhosnakamel.dz\/dz\/produit\/bosch-disq-a-couper-inox-115x1-0mm-expert-0545\/#primaryimage\"},\"thumbnailUrl\":\"https:\/\/eurlhosnakamel.dz\/dz\/wp-content\/uploads\/2020\/05\/BOSCH-DISQ.-A-COUPER-INOX-115x1.0mm-EXPERT-0545eurl-hosna-kamel-algerie.jpg\",\"datePublished\":\"2020-05-03T11:10:55+00:00\",\"dateModified\":\"2021-12-19T08:51:36+00:00\",\"description\":\"Disque \u00e0 couper Expert pour inox 115 x 22,23 x 2,5mm - EURL HOSNA KAMEL\",\"breadcrumb\":{\"@id\":\"https:\/\/eurlhosnakamel.dz\/dz\/produit\/bosch-disq-a-couper-inox-115x1-0mm-expert-0545\/#breadcrumb\"},\"inLanguage\":\"fr-FR\",\"potentialAction\":[{\"@type\":\"ReadAction\",\"target\":[\"https:\/\/eurlhosnakamel.dz\/dz\/produit\/bosch-disq-a-couper-inox-115x1-0mm-expert-0545\/\"]}]},{\"@type\":\"ImageObject\",\"inLanguage\":\"fr-FR\",\"@id\":\"https:\/\/eurlhosnakamel.dz\/dz\/produit\/bosch-disq-a-couper-inox-115x1-0mm-expert-0545\/#primaryimage\",\"url\":\"https:\/\/eurlhosnakamel.dz\/dz\/wp-content\/uploads\/2020\/05\/BOSCH-DISQ.-A-COUPER-INOX-115x1.0mm-EXPERT-0545eurl-hosna-kamel-algerie.jpg\",\"contentUrl\":\"https:\/\/eurlhosnakamel.dz\/dz\/wp-content\/uploads\/2020\/05\/BOSCH-DISQ.-A-COUPER-INOX-115x1.0mm-EXPERT-0545eurl-hosna-kamel-algerie.jpg\",\"width\":512,\"height\":512},{\"@type\":\"BreadcrumbList\",\"@id\":\"https:\/\/eurlhosnakamel.dz\/dz\/produit\/bosch-disq-a-couper-inox-115x1-0mm-expert-0545\/#breadcrumb\",\"itemListElement\":[{\"@type\":\"ListItem\",\"position\":1,\"name\":\"Accueil\",\"item\":\"https:\/\/eurlhosnakamel.dz\/dz\/\"},{\"@type\":\"ListItem\",\"position\":2,\"name\":\"Shop\",\"item\":\"https:\/\/eurlhosnakamel.dz\/dz\/shop\/\"},{\"@type\":\"ListItem\",\"position\":3,\"name\":\"Disque \u00e0 couper Expert pour inox 115 x 22,23 x 2,5mm\"}]},{\"@type\":\"WebSite\",\"@id\":\"https:\/\/eurlhosnakamel.dz\/dz\/#website\",\"url\":\"https:\/\/eurlhosnakamel.dz\/dz\/\",\"name\":\"EURL HOSNA KAMEL\",\"description\":\"Fournisseur Premium d&#039;Outillages Professionnels en Alg\u00e9rie -\",\"publisher\":{\"@id\":\"https:\/\/eurlhosnakamel.dz\/dz\/#organization\"},\"potentialAction\":[{\"@type\":\"SearchAction\",\"target\":{\"@type\":\"EntryPoint\",\"urlTemplate\":\"https:\/\/eurlhosnakamel.dz\/dz\/?s={search_term_string}\"},\"query-input\":\"required name=search_term_string\"}],\"inLanguage\":\"fr-FR\"},{\"@type\":\"Organization\",\"@id\":\"https:\/\/eurlhosnakamel.dz\/dz\/#organization\",\"name\":\"EURL HOSNA KAMEL - Bosch alg\u00e9rie\",\"url\":\"https:\/\/eurlhosnakamel.dz\/dz\/\",\"logo\":{\"@type\":\"ImageObject\",\"inLanguage\":\"fr-FR\",\"@id\":\"https:\/\/eurlhosnakamel.dz\/dz\/#\/schema\/logo\/image\/\",\"url\":\"https:\/\/eurlhosnakamel.dz\/wp-content\/uploads\/2020\/04\/LOGO-HOSNA1.png\",\"contentUrl\":\"https:\/\/eurlhosnakamel.dz\/wp-content\/uploads\/2020\/04\/LOGO-HOSNA1.png\",\"width\":120,\"height\":127,\"caption\":\"EURL HOSNA KAMEL - Bosch alg\u00e9rie\"},\"image\":{\"@id\":\"https:\/\/eurlhosnakamel.dz\/dz\/#\/schema\/logo\/image\/\"},\"sameAs\":[\"https:\/\/www.facebook.com\/Eurl.Hosna.DZ\/\"]}]}<\/script>\n<!-- \/ Yoast SEO plugin. -->","yoast_head_json":{"title":"Disque \u00e0 couper Expert pour inox 115 x 22,23 x 2,5mm - EURL HOSNA KAMEL","description":"Disque \u00e0 couper Expert pour inox 115 x 22,23 x 2,5mm - EURL HOSNA KAMEL","robots":{"index":"index","follow":"follow","max-snippet":"max-snippet:-1","max-image-preview":"max-image-preview:large","max-video-preview":"max-video-preview:-1"},"canonical":"https:\/\/eurlhosnakamel.dz\/dz\/produit\/bosch-disq-a-couper-inox-115x1-0mm-expert-0545\/","og_locale":"fr_FR","og_type":"article","og_title":"Disque \u00e0 couper Expert pour inox 115 x 22,23 x 2,5mm - EURL HOSNA KAMEL","og_description":"Disque \u00e0 couper Expert pour inox 115 x 22,23 x 2,5mm - EURL HOSNA KAMEL","og_url":"https:\/\/eurlhosnakamel.dz\/dz\/produit\/bosch-disq-a-couper-inox-115x1-0mm-expert-0545\/","og_site_name":"EURL HOSNA KAMEL","article_publisher":"https:\/\/www.facebook.com\/Eurl.Hosna.DZ\/","article_modified_time":"2021-12-19T08:51:36+00:00","og_image":[{"width":512,"height":512,"url":"https:\/\/eurlhosnakamel.dz\/dz\/wp-content\/uploads\/2020\/05\/BOSCH-DISQ.-A-COUPER-INOX-115x1.0mm-EXPERT-0545eurl-hosna-kamel-algerie.jpg","type":"image\/jpeg"}],"twitter_card":"summary_large_image","twitter_misc":{"Dur\u00e9e de lecture estim\u00e9e":"1 minute"},"schema":{"@context":"https:\/\/schema.org","@graph":[{"@type":"WebPage","@id":"https:\/\/eurlhosnakamel.dz\/dz\/produit\/bosch-disq-a-couper-inox-115x1-0mm-expert-0545\/","url":"https:\/\/eurlhosnakamel.dz\/dz\/produit\/bosch-disq-a-couper-inox-115x1-0mm-expert-0545\/","name":"Disque \u00e0 couper Expert pour inox 115 x 22,23 x 2,5mm - EURL HOSNA KAMEL","isPartOf":{"@id":"https:\/\/eurlhosnakamel.dz\/dz\/#website"},"primaryImageOfPage":{"@id":"https:\/\/eurlhosnakamel.dz\/dz\/produit\/bosch-disq-a-couper-inox-115x1-0mm-expert-0545\/#primaryimage"},"image":{"@id":"https:\/\/eurlhosnakamel.dz\/dz\/produit\/bosch-disq-a-couper-inox-115x1-0mm-expert-0545\/#primaryimage"},"thumbnailUrl":"https:\/\/eurlhosnakamel.dz\/dz\/wp-content\/uploads\/2020\/05\/BOSCH-DISQ.-A-COUPER-INOX-115x1.0mm-EXPERT-0545eurl-hosna-kamel-algerie.jpg","datePublished":"2020-05-03T11:10:55+00:00","dateModified":"2021-12-19T08:51:36+00:00","description":"Disque \u00e0 couper Expert pour inox 115 x 22,23 x 2,5mm - EURL HOSNA KAMEL","breadcrumb":{"@id":"https:\/\/eurlhosnakamel.dz\/dz\/produit\/bosch-disq-a-couper-inox-115x1-0mm-expert-0545\/#breadcrumb"},"inLanguage":"fr-FR","potentialAction":[{"@type":"ReadAction","target":["https:\/\/eurlhosnakamel.dz\/dz\/produit\/bosch-disq-a-couper-inox-115x1-0mm-expert-0545\/"]}]},{"@type":"ImageObject","inLanguage":"fr-FR","@id":"https:\/\/eurlhosnakamel.dz\/dz\/produit\/bosch-disq-a-couper-inox-115x1-0mm-expert-0545\/#primaryimage","url":"https:\/\/eurlhosnakamel.dz\/dz\/wp-content\/uploads\/2020\/05\/BOSCH-DISQ.-A-COUPER-INOX-115x1.0mm-EXPERT-0545eurl-hosna-kamel-algerie.jpg","contentUrl":"https:\/\/eurlhosnakamel.dz\/dz\/wp-content\/uploads\/2020\/05\/BOSCH-DISQ.-A-COUPER-INOX-115x1.0mm-EXPERT-0545eurl-hosna-kamel-algerie.jpg","width":512,"height":512},{"@type":"BreadcrumbList","@id":"https:\/\/eurlhosnakamel.dz\/dz\/produit\/bosch-disq-a-couper-inox-115x1-0mm-expert-0545\/#breadcrumb","itemListElement":[{"@type":"ListItem","position":1,"name":"Accueil","item":"https:\/\/eurlhosnakamel.dz\/dz\/"},{"@type":"ListItem","position":2,"name":"Shop","item":"https:\/\/eurlhosnakamel.dz\/dz\/shop\/"},{"@type":"ListItem","position":3,"name":"Disque \u00e0 couper Expert pour inox 115 x 22,23 x 2,5mm"}]},{"@type":"WebSite","@id":"https:\/\/eurlhosnakamel.dz\/dz\/#website","url":"https:\/\/eurlhosnakamel.dz\/dz\/","name":"EURL HOSNA KAMEL","description":"Fournisseur Premium d&#039;Outillages Professionnels en Alg\u00e9rie -","publisher":{"@id":"https:\/\/eurlhosnakamel.dz\/dz\/#organization"},"potentialAction":[{"@type":"SearchAction","target":{"@type":"EntryPoint","urlTemplate":"https:\/\/eurlhosnakamel.dz\/dz\/?s={search_term_string}"},"query-input":"required name=search_term_string"}],"inLanguage":"fr-FR"},{"@type":"Organization","@id":"https:\/\/eurlhosnakamel.dz\/dz\/#organization","name":"EURL HOSNA KAMEL - Bosch alg\u00e9rie","url":"https:\/\/eurlhosnakamel.dz\/dz\/","logo":{"@type":"ImageObject","inLanguage":"fr-FR","@id":"https:\/\/eurlhosnakamel.dz\/dz\/#\/schema\/logo\/image\/","url":"https:\/\/eurlhosnakamel.dz\/wp-content\/uploads\/2020\/04\/LOGO-HOSNA1.png","contentUrl":"https:\/\/eurlhosnakamel.dz\/wp-content\/uploads\/2020\/04\/LOGO-HOSNA1.png","width":120,"height":127,"caption":"EURL HOSNA KAMEL - Bosch alg\u00e9rie"},"image":{"@id":"https:\/\/eurlhosnakamel.dz\/dz\/#\/schema\/logo\/image\/"},"sameAs":["https:\/\/www.facebook.com\/Eurl.Hosna.DZ\/"]}]}},"_links":{"self":[{"href":"https:\/\/eurlhosnakamel.dz\/dz\/wp-json\/wp\/v2\/product\/9815","targetHints":{"allow":["GET"]}}],"collection":[{"href":"https:\/\/eurlhosnakamel.dz\/dz\/wp-json\/wp\/v2\/product"}],"about":[{"href":"https:\/\/eurlhosnakamel.dz\/dz\/wp-json\/wp\/v2\/types\/product"}],"wp:featuredmedia":[{"embeddable":true,"href":"https:\/\/eurlhosnakamel.dz\/dz\/wp-json\/wp\/v2\/media\/9817"}],"wp:attachment":[{"href":"https:\/\/eurlhosnakamel.dz\/dz\/wp-json\/wp\/v2\/media?parent=9815"}],"wp:term":[{"taxonomy":"product_cat","embeddable":true,"href":"https:\/\/eurlhosnakamel.dz\/dz\/wp-json\/wp\/v2\/product_cat?post=9815"},{"taxonomy":"product_tag","embeddable":true,"href":"https:\/\/eurlhosnakamel.dz\/dz\/wp-json\/wp\/v2\/product_tag?post=9815"}],"curies":[{"name":"wp","href":"https:\/\/api.w.org\/{rel}","templated":true}]}}