{"id":9827,"date":"2020-05-03T11:42:35","date_gmt":"2020-05-03T11:42:35","guid":{"rendered":"https:\/\/lhchosting.com\/hosna\/?post_type=product&#038;p=9827"},"modified":"2021-12-19T08:50:53","modified_gmt":"2021-12-19T08:50:53","slug":"bosch-disq-115mm-carbide-3012","status":"publish","type":"product","link":"https:\/\/eurlhosnakamel.dz\/dz\/produit\/bosch-disq-115mm-carbide-3012\/","title":{"rendered":"Disques \u00e0 couper Carbure MultiMat\u00e9riel 115 x 22,23 x 1,0mm"},"content":{"rendered":"<h2 class=\"headline hl1\" style=\"text-align: justify;\">Points forts des produits<\/h2>\n<div class=\"row\">\n<div class=\"col-md-6 xs-mb-30 lg-mb-0\">\n<h3 class=\"headline hl4\" style=\"text-align: justify;\">Disques \u00e0 tron\u00e7onner Carbide Multi Wheel<\/h3>\n<p style=\"text-align: justify;\">Le disque Carbide\u00a0Multi\u00a0Wheel transforme une meuleuse angulaire en un outil universel.<\/p>\n<ul style=\"text-align: justify;\">\n<li>Dot\u00e9 d&#8217;une ar\u00eate de coupe \u00e0 concr\u00e9tion carbure fondue par laser, le disque offre des performances de travail durable et s\u00fbre sur des mat\u00e9riaux multiples<\/li>\n<li>Le corps \u00e9lanc\u00e9 et la fente de dilatation assurent une vitesse de coupe unique et \u00e9vitent la d\u00e9formation de la lame<\/li>\n<\/ul>\n<div class=\"m-product_hightlights__description\">\n<h3 class=\"headline hl4\" style=\"text-align: justify;\">Descriptions des produits<\/h3>\n<div>\n<p style=\"text-align: justify;\">Le disque Carbide\u00a0Multi\u00a0Wheel transforme une meuleuse angulaire en un outil universel. Ce disque unique est le premier sur le march\u00e9 permettant la d\u00e9coupe simple, durable et s\u00fbre des mat\u00e9riaux tendres avec une meuleuse angulaire. Dot\u00e9 d&#8217;une ar\u00eate de coupe \u00e0 concr\u00e9tion carbure fondue par laser, le disque offre des performances de travail durable et s\u00fbre sur des mat\u00e9riaux multiples. Le corps \u00e9lanc\u00e9 et la fente de dilatation assurent une vitesse de coupe unique et \u00e9vitent la d\u00e9formation de la lame. Il convient au bois, au bois avec des clous, aux plastiques, aux cloisons s\u00e8ches et aux tuyaux de cuivre.<\/p>\n<\/div>\n<\/div>\n<\/div>\n<\/div>\n","protected":false},"excerpt":{"rendered":"<h4>Disque \u00e0 tron\u00e7onner multi-roues en carbure 115mm<\/h4>\n<table class=\"m-datatable m-datatable--light\">\n<thead>\n<tr>\n<th class=\"no-sort\" data-priority=\"1\"><span>D\u00e9tails<\/span><\/th>\n<th class=\"no-sort\" data-priority=\"1\"><\/th>\n<\/tr>\n<\/thead>\n<tbody>\n<tr class=\"\">\n<td><span>Diam\u00e8tre mm<\/span><\/td>\n<td><span>115<\/span><\/td>\n<\/tr>\n<tr class=\"\">\n<td><span>Diam\u00e8tre d&#8217;al\u00e9sage mm<\/span><\/td>\n<td><span>22,23<\/span><\/td>\n<\/tr>\n<tr class=\"\">\n<td><span>\u00c9paisseur mm<\/span><\/td>\n<td><span>1.0<\/span><\/td>\n<\/tr>\n<\/tbody>\n<\/table>\n<p>&nbsp;<\/p>\n","protected":false},"featured_media":9829,"template":"","meta":[],"product_cat":[1277,405],"product_tag":[2569],"class_list":{"0":"post-9827","1":"product","2":"type-product","3":"status-publish","4":"has-post-thumbnail","6":"product_cat-accessoires-bosch","7":"product_cat-outillage","8":"product_tag-disques-a-couper-carbure-multimateriel-115-x-22-23-x-1-0mm","9":"product_brand-bosch-outillage","11":"first","12":"instock","13":"shipping-taxable","14":"product-type-simple","15":"col-xs-6 col-sm-4","16":"col-md-3 col-lg-3","17":"un-4-cols"},"yoast_head":"<!-- This site is optimized with the Yoast SEO plugin v22.5 - https:\/\/yoast.com\/wordpress\/plugins\/seo\/ -->\n<title>Disques \u00e0 couper Carbure MultiMat\u00e9riel 115 x 22,23 x 1,0mm - EURL HOSNA KAMEL<\/title>\n<meta name=\"description\" content=\"Disques \u00e0 couper Carbure MultiMat\u00e9riel 115 x 22,23 x 1,0mm - EURL HOSNA KAMEL\" \/>\n<meta name=\"robots\" content=\"index, follow, max-snippet:-1, max-image-preview:large, max-video-preview:-1\" \/>\n<link rel=\"canonical\" href=\"https:\/\/eurlhosnakamel.dz\/dz\/produit\/bosch-disq-115mm-carbide-3012\/\" \/>\n<meta property=\"og:locale\" content=\"fr_FR\" \/>\n<meta property=\"og:type\" content=\"article\" \/>\n<meta property=\"og:title\" content=\"Disques \u00e0 couper Carbure MultiMat\u00e9riel 115 x 22,23 x 1,0mm - EURL HOSNA KAMEL\" \/>\n<meta property=\"og:description\" content=\"Disques \u00e0 couper Carbure MultiMat\u00e9riel 115 x 22,23 x 1,0mm - EURL HOSNA KAMEL\" \/>\n<meta property=\"og:url\" content=\"https:\/\/eurlhosnakamel.dz\/dz\/produit\/bosch-disq-115mm-carbide-3012\/\" \/>\n<meta property=\"og:site_name\" content=\"EURL HOSNA KAMEL\" \/>\n<meta property=\"article:publisher\" content=\"https:\/\/www.facebook.com\/Eurl.Hosna.DZ\/\" \/>\n<meta property=\"article:modified_time\" content=\"2021-12-19T08:50:53+00:00\" \/>\n<meta property=\"og:image\" content=\"https:\/\/eurlhosnakamel.dz\/dz\/wp-content\/uploads\/2020\/05\/BOSCH-DISQ-115MM-CARBIDE-3012eurl-hosna-kamel-algerie.jpg\" \/>\n\t<meta property=\"og:image:width\" content=\"512\" \/>\n\t<meta property=\"og:image:height\" content=\"512\" \/>\n\t<meta property=\"og:image:type\" content=\"image\/jpeg\" \/>\n<meta name=\"twitter:card\" content=\"summary_large_image\" \/>\n<meta name=\"twitter:label1\" content=\"Dur\u00e9e de lecture estim\u00e9e\" \/>\n\t<meta name=\"twitter:data1\" content=\"1 minute\" \/>\n<script type=\"application\/ld+json\" class=\"yoast-schema-graph\">{\"@context\":\"https:\/\/schema.org\",\"@graph\":[{\"@type\":\"WebPage\",\"@id\":\"https:\/\/eurlhosnakamel.dz\/dz\/produit\/bosch-disq-115mm-carbide-3012\/\",\"url\":\"https:\/\/eurlhosnakamel.dz\/dz\/produit\/bosch-disq-115mm-carbide-3012\/\",\"name\":\"Disques \u00e0 couper Carbure MultiMat\u00e9riel 115 x 22,23 x 1,0mm - EURL HOSNA KAMEL\",\"isPartOf\":{\"@id\":\"https:\/\/eurlhosnakamel.dz\/dz\/#website\"},\"primaryImageOfPage\":{\"@id\":\"https:\/\/eurlhosnakamel.dz\/dz\/produit\/bosch-disq-115mm-carbide-3012\/#primaryimage\"},\"image\":{\"@id\":\"https:\/\/eurlhosnakamel.dz\/dz\/produit\/bosch-disq-115mm-carbide-3012\/#primaryimage\"},\"thumbnailUrl\":\"https:\/\/eurlhosnakamel.dz\/dz\/wp-content\/uploads\/2020\/05\/BOSCH-DISQ-115MM-CARBIDE-3012eurl-hosna-kamel-algerie.jpg\",\"datePublished\":\"2020-05-03T11:42:35+00:00\",\"dateModified\":\"2021-12-19T08:50:53+00:00\",\"description\":\"Disques \u00e0 couper Carbure MultiMat\u00e9riel 115 x 22,23 x 1,0mm - EURL HOSNA KAMEL\",\"breadcrumb\":{\"@id\":\"https:\/\/eurlhosnakamel.dz\/dz\/produit\/bosch-disq-115mm-carbide-3012\/#breadcrumb\"},\"inLanguage\":\"fr-FR\",\"potentialAction\":[{\"@type\":\"ReadAction\",\"target\":[\"https:\/\/eurlhosnakamel.dz\/dz\/produit\/bosch-disq-115mm-carbide-3012\/\"]}]},{\"@type\":\"ImageObject\",\"inLanguage\":\"fr-FR\",\"@id\":\"https:\/\/eurlhosnakamel.dz\/dz\/produit\/bosch-disq-115mm-carbide-3012\/#primaryimage\",\"url\":\"https:\/\/eurlhosnakamel.dz\/dz\/wp-content\/uploads\/2020\/05\/BOSCH-DISQ-115MM-CARBIDE-3012eurl-hosna-kamel-algerie.jpg\",\"contentUrl\":\"https:\/\/eurlhosnakamel.dz\/dz\/wp-content\/uploads\/2020\/05\/BOSCH-DISQ-115MM-CARBIDE-3012eurl-hosna-kamel-algerie.jpg\",\"width\":512,\"height\":512},{\"@type\":\"BreadcrumbList\",\"@id\":\"https:\/\/eurlhosnakamel.dz\/dz\/produit\/bosch-disq-115mm-carbide-3012\/#breadcrumb\",\"itemListElement\":[{\"@type\":\"ListItem\",\"position\":1,\"name\":\"Accueil\",\"item\":\"https:\/\/eurlhosnakamel.dz\/dz\/\"},{\"@type\":\"ListItem\",\"position\":2,\"name\":\"Shop\",\"item\":\"https:\/\/eurlhosnakamel.dz\/dz\/shop\/\"},{\"@type\":\"ListItem\",\"position\":3,\"name\":\"Disques \u00e0 couper Carbure MultiMat\u00e9riel 115 x 22,23 x 1,0mm\"}]},{\"@type\":\"WebSite\",\"@id\":\"https:\/\/eurlhosnakamel.dz\/dz\/#website\",\"url\":\"https:\/\/eurlhosnakamel.dz\/dz\/\",\"name\":\"EURL HOSNA KAMEL\",\"description\":\"Fournisseur Premium d&#039;Outillages Professionnels en Alg\u00e9rie -\",\"publisher\":{\"@id\":\"https:\/\/eurlhosnakamel.dz\/dz\/#organization\"},\"potentialAction\":[{\"@type\":\"SearchAction\",\"target\":{\"@type\":\"EntryPoint\",\"urlTemplate\":\"https:\/\/eurlhosnakamel.dz\/dz\/?s={search_term_string}\"},\"query-input\":\"required name=search_term_string\"}],\"inLanguage\":\"fr-FR\"},{\"@type\":\"Organization\",\"@id\":\"https:\/\/eurlhosnakamel.dz\/dz\/#organization\",\"name\":\"EURL HOSNA KAMEL - Bosch alg\u00e9rie\",\"url\":\"https:\/\/eurlhosnakamel.dz\/dz\/\",\"logo\":{\"@type\":\"ImageObject\",\"inLanguage\":\"fr-FR\",\"@id\":\"https:\/\/eurlhosnakamel.dz\/dz\/#\/schema\/logo\/image\/\",\"url\":\"https:\/\/eurlhosnakamel.dz\/wp-content\/uploads\/2020\/04\/LOGO-HOSNA1.png\",\"contentUrl\":\"https:\/\/eurlhosnakamel.dz\/wp-content\/uploads\/2020\/04\/LOGO-HOSNA1.png\",\"width\":120,\"height\":127,\"caption\":\"EURL HOSNA KAMEL - Bosch alg\u00e9rie\"},\"image\":{\"@id\":\"https:\/\/eurlhosnakamel.dz\/dz\/#\/schema\/logo\/image\/\"},\"sameAs\":[\"https:\/\/www.facebook.com\/Eurl.Hosna.DZ\/\"]}]}<\/script>\n<!-- \/ Yoast SEO plugin. -->","yoast_head_json":{"title":"Disques \u00e0 couper Carbure MultiMat\u00e9riel 115 x 22,23 x 1,0mm - EURL HOSNA KAMEL","description":"Disques \u00e0 couper Carbure MultiMat\u00e9riel 115 x 22,23 x 1,0mm - EURL HOSNA KAMEL","robots":{"index":"index","follow":"follow","max-snippet":"max-snippet:-1","max-image-preview":"max-image-preview:large","max-video-preview":"max-video-preview:-1"},"canonical":"https:\/\/eurlhosnakamel.dz\/dz\/produit\/bosch-disq-115mm-carbide-3012\/","og_locale":"fr_FR","og_type":"article","og_title":"Disques \u00e0 couper Carbure MultiMat\u00e9riel 115 x 22,23 x 1,0mm - EURL HOSNA KAMEL","og_description":"Disques \u00e0 couper Carbure MultiMat\u00e9riel 115 x 22,23 x 1,0mm - EURL HOSNA KAMEL","og_url":"https:\/\/eurlhosnakamel.dz\/dz\/produit\/bosch-disq-115mm-carbide-3012\/","og_site_name":"EURL HOSNA KAMEL","article_publisher":"https:\/\/www.facebook.com\/Eurl.Hosna.DZ\/","article_modified_time":"2021-12-19T08:50:53+00:00","og_image":[{"width":512,"height":512,"url":"https:\/\/eurlhosnakamel.dz\/dz\/wp-content\/uploads\/2020\/05\/BOSCH-DISQ-115MM-CARBIDE-3012eurl-hosna-kamel-algerie.jpg","type":"image\/jpeg"}],"twitter_card":"summary_large_image","twitter_misc":{"Dur\u00e9e de lecture estim\u00e9e":"1 minute"},"schema":{"@context":"https:\/\/schema.org","@graph":[{"@type":"WebPage","@id":"https:\/\/eurlhosnakamel.dz\/dz\/produit\/bosch-disq-115mm-carbide-3012\/","url":"https:\/\/eurlhosnakamel.dz\/dz\/produit\/bosch-disq-115mm-carbide-3012\/","name":"Disques \u00e0 couper Carbure MultiMat\u00e9riel 115 x 22,23 x 1,0mm - EURL HOSNA KAMEL","isPartOf":{"@id":"https:\/\/eurlhosnakamel.dz\/dz\/#website"},"primaryImageOfPage":{"@id":"https:\/\/eurlhosnakamel.dz\/dz\/produit\/bosch-disq-115mm-carbide-3012\/#primaryimage"},"image":{"@id":"https:\/\/eurlhosnakamel.dz\/dz\/produit\/bosch-disq-115mm-carbide-3012\/#primaryimage"},"thumbnailUrl":"https:\/\/eurlhosnakamel.dz\/dz\/wp-content\/uploads\/2020\/05\/BOSCH-DISQ-115MM-CARBIDE-3012eurl-hosna-kamel-algerie.jpg","datePublished":"2020-05-03T11:42:35+00:00","dateModified":"2021-12-19T08:50:53+00:00","description":"Disques \u00e0 couper Carbure MultiMat\u00e9riel 115 x 22,23 x 1,0mm - EURL HOSNA KAMEL","breadcrumb":{"@id":"https:\/\/eurlhosnakamel.dz\/dz\/produit\/bosch-disq-115mm-carbide-3012\/#breadcrumb"},"inLanguage":"fr-FR","potentialAction":[{"@type":"ReadAction","target":["https:\/\/eurlhosnakamel.dz\/dz\/produit\/bosch-disq-115mm-carbide-3012\/"]}]},{"@type":"ImageObject","inLanguage":"fr-FR","@id":"https:\/\/eurlhosnakamel.dz\/dz\/produit\/bosch-disq-115mm-carbide-3012\/#primaryimage","url":"https:\/\/eurlhosnakamel.dz\/dz\/wp-content\/uploads\/2020\/05\/BOSCH-DISQ-115MM-CARBIDE-3012eurl-hosna-kamel-algerie.jpg","contentUrl":"https:\/\/eurlhosnakamel.dz\/dz\/wp-content\/uploads\/2020\/05\/BOSCH-DISQ-115MM-CARBIDE-3012eurl-hosna-kamel-algerie.jpg","width":512,"height":512},{"@type":"BreadcrumbList","@id":"https:\/\/eurlhosnakamel.dz\/dz\/produit\/bosch-disq-115mm-carbide-3012\/#breadcrumb","itemListElement":[{"@type":"ListItem","position":1,"name":"Accueil","item":"https:\/\/eurlhosnakamel.dz\/dz\/"},{"@type":"ListItem","position":2,"name":"Shop","item":"https:\/\/eurlhosnakamel.dz\/dz\/shop\/"},{"@type":"ListItem","position":3,"name":"Disques \u00e0 couper Carbure MultiMat\u00e9riel 115 x 22,23 x 1,0mm"}]},{"@type":"WebSite","@id":"https:\/\/eurlhosnakamel.dz\/dz\/#website","url":"https:\/\/eurlhosnakamel.dz\/dz\/","name":"EURL HOSNA KAMEL","description":"Fournisseur Premium d&#039;Outillages Professionnels en Alg\u00e9rie -","publisher":{"@id":"https:\/\/eurlhosnakamel.dz\/dz\/#organization"},"potentialAction":[{"@type":"SearchAction","target":{"@type":"EntryPoint","urlTemplate":"https:\/\/eurlhosnakamel.dz\/dz\/?s={search_term_string}"},"query-input":"required name=search_term_string"}],"inLanguage":"fr-FR"},{"@type":"Organization","@id":"https:\/\/eurlhosnakamel.dz\/dz\/#organization","name":"EURL HOSNA KAMEL - Bosch alg\u00e9rie","url":"https:\/\/eurlhosnakamel.dz\/dz\/","logo":{"@type":"ImageObject","inLanguage":"fr-FR","@id":"https:\/\/eurlhosnakamel.dz\/dz\/#\/schema\/logo\/image\/","url":"https:\/\/eurlhosnakamel.dz\/wp-content\/uploads\/2020\/04\/LOGO-HOSNA1.png","contentUrl":"https:\/\/eurlhosnakamel.dz\/wp-content\/uploads\/2020\/04\/LOGO-HOSNA1.png","width":120,"height":127,"caption":"EURL HOSNA KAMEL - Bosch alg\u00e9rie"},"image":{"@id":"https:\/\/eurlhosnakamel.dz\/dz\/#\/schema\/logo\/image\/"},"sameAs":["https:\/\/www.facebook.com\/Eurl.Hosna.DZ\/"]}]}},"_links":{"self":[{"href":"https:\/\/eurlhosnakamel.dz\/dz\/wp-json\/wp\/v2\/product\/9827","targetHints":{"allow":["GET"]}}],"collection":[{"href":"https:\/\/eurlhosnakamel.dz\/dz\/wp-json\/wp\/v2\/product"}],"about":[{"href":"https:\/\/eurlhosnakamel.dz\/dz\/wp-json\/wp\/v2\/types\/product"}],"wp:featuredmedia":[{"embeddable":true,"href":"https:\/\/eurlhosnakamel.dz\/dz\/wp-json\/wp\/v2\/media\/9829"}],"wp:attachment":[{"href":"https:\/\/eurlhosnakamel.dz\/dz\/wp-json\/wp\/v2\/media?parent=9827"}],"wp:term":[{"taxonomy":"product_cat","embeddable":true,"href":"https:\/\/eurlhosnakamel.dz\/dz\/wp-json\/wp\/v2\/product_cat?post=9827"},{"taxonomy":"product_tag","embeddable":true,"href":"https:\/\/eurlhosnakamel.dz\/dz\/wp-json\/wp\/v2\/product_tag?post=9827"}],"curies":[{"name":"wp","href":"https:\/\/api.w.org\/{rel}","templated":true}]}}