{"id":9843,"date":"2020-05-03T12:09:23","date_gmt":"2020-05-03T12:09:23","guid":{"rendered":"https:\/\/lhchosting.com\/hosna\/?post_type=product&#038;p=9843"},"modified":"2021-12-19T08:50:39","modified_gmt":"2021-12-19T08:50:39","slug":"bosch-foret-sds-max-4-20520-5865","status":"publish","type":"product","link":"https:\/\/eurlhosnakamel.dz\/dz\/produit\/bosch-foret-sds-max-4-20520-5865\/","title":{"rendered":"Foret SDS max-4 20,0 x 400mm"},"content":{"rendered":"<h2 class=\"headline hl1\">Points forts des produits<\/h2>\n<div class=\"row\">\n<div class=\"col-md-6 xs-mb-30 lg-mb-0\">\n<h3 class=\"headline hl4\">Forets SDS max-4<\/h3>\n<p>Le foret SDS\u00a0max-4 est \u00e9quip\u00e9 d&#8217;une t\u00eate \u00e0 4\u00a0taillants et assure une longue dur\u00e9e de vie lors du per\u00e7age dans le b\u00e9ton<\/p>\n<ul>\n<li>Cette conception \u00e0 4\u00a0taillants garantit une utilisation prolong\u00e9e sans coincement lors du per\u00e7age de barres d&#8217;armature<\/li>\n<li>La double h\u00e9lice en U am\u00e9liore \u00e9galement la dur\u00e9e de vie tout en assurant une bonne \u00e9vacuation de la poussi\u00e8re<\/li>\n<li>La durabilit\u00e9 est renforc\u00e9e gr\u00e2ce \u00e0 l&#8217;utilisation d&#8217;un carbure tr\u00e8s endurant, qui r\u00e9siste \u00e0 l&#8217;usure<\/li>\n<\/ul>\n<div class=\"m-product_hightlights__description\">\n<h3 class=\"headline hl4\">Descriptions des produits<\/h3>\n<div>\n<p>Le foret SDS\u00a0max-4 est \u00e9quip\u00e9 d&#8217;une t\u00eate \u00e0 4\u00a0taillants et assure une grande long\u00e9vit\u00e9 dans le b\u00e9ton. Cette conception sp\u00e9ciale \u00e0 4\u00a0taillants garantit une utilisation prolong\u00e9e sans coin\u00e7age lors du per\u00e7age de barres d&#8217;armature. De plus, sa double h\u00e9lice en forme de U am\u00e9liore \u00e9galement la dur\u00e9e de vie tout en assurant une bonne \u00e9vacuation de la poussi\u00e8re. La dur\u00e9e de vie est prolong\u00e9e gr\u00e2ce \u00e0 l&#8217;utilisation d&#8217;un carbure tr\u00e8s r\u00e9sistant, qui r\u00e9siste \u00e0 l&#8217;usure lors du per\u00e7age. Le foret est con\u00e7u pour \u00eatre utilis\u00e9 dans la ma\u00e7onnerie et le b\u00e9ton. Il est compatible avec tous les marteaux perforateurs \u00e0 emmanchement SDS\u00a0max.<\/p>\n<\/div>\n<\/div>\n<\/div>\n<div class=\"col-md-6\">\n<h3 class=\"headline hl4\">Fonctions<\/h3>\n<div class=\"image-row\">\n<div class=\"image-col\"><img decoding=\"async\" class=\"img-responsive lazyloaded\" title=\"\" src=\"https:\/\/www.bosch-professional.com\/binary\/ocsmedia\/optimized\/100x100\/o58635v82_Beton.png\" alt=\"\" data-srcset=\" https:\/\/www.bosch-professional.com\/binary\/ocsmedia\/optimized\/100x100\/o58635v82_Beton.png 100w, https:\/\/www.bosch-professional.com\/binary\/ocsmedia\/optimized\/200x200\/o58635v82_Beton.png 200w \" \/><\/div>\n<div class=\"image-col\"><img decoding=\"async\" class=\"img-responsive lazyloaded\" title=\"\" src=\"https:\/\/www.bosch-professional.com\/binary\/ocsmedia\/optimized\/100x100\/o8870v82_PiktoMauerwerk448.png\" alt=\"\" data-srcset=\" https:\/\/www.bosch-professional.com\/binary\/ocsmedia\/optimized\/100x100\/o8870v82_PiktoMauerwerk448.png 100w, https:\/\/www.bosch-professional.com\/binary\/ocsmedia\/optimized\/200x200\/o8870v82_PiktoMauerwerk448.png 200w \" \/><\/div>\n<div class=\"image-col\"><img decoding=\"async\" class=\"img-responsive lazyloaded\" title=\"\" src=\"https:\/\/www.bosch-professional.com\/binary\/ocsmedia\/optimized\/100x100\/o98245v82_PTAC_B_LongLife_1C_110727.png\" alt=\"\" data-srcset=\" https:\/\/www.bosch-professional.com\/binary\/ocsmedia\/optimized\/100x100\/o98245v82_PTAC_B_LongLife_1C_110727.png 100w, https:\/\/www.bosch-professional.com\/binary\/ocsmedia\/optimized\/200x200\/o98245v82_PTAC_B_LongLife_1C_110727.png 200w \" \/><\/div>\n<div class=\"image-col\"><img decoding=\"async\" class=\"img-responsive lazyloaded\" title=\"\" src=\"https:\/\/www.bosch-professional.com\/binary\/ocsmedia\/optimized\/100x100\/o202845v82_SicherSafePikto_1.png\" alt=\"\" data-srcset=\" https:\/\/www.bosch-professional.com\/binary\/ocsmedia\/optimized\/100x100\/o202845v82_SicherSafePikto_1.png 100w, https:\/\/www.bosch-professional.com\/binary\/ocsmedia\/optimized\/200x200\/o202845v82_SicherSafePikto_1.png 200w \" \/><\/div>\n<div class=\"image-col\">\u00a0 \u00a0 <img decoding=\"async\" class=\"img-responsive lazyloaded\" title=\"\" src=\"https:\/\/www.bosch-professional.com\/binary\/ocsmedia\/optimized\/100x100\/o37186v82_SDS_max.png\" alt=\"\" data-srcset=\" https:\/\/www.bosch-professional.com\/binary\/ocsmedia\/optimized\/100x100\/o37186v82_SDS_max.png 100w, https:\/\/www.bosch-professional.com\/binary\/ocsmedia\/optimized\/200x200\/o37186v82_SDS_max.png 200w \" \/><\/div>\n<\/div>\n<\/div>\n<\/div>\n","protected":false},"excerpt":{"rendered":"<h4 style=\"text-align: justify\">Forets SDS max-4 pour perforateur<\/h4>\n<table class=\"m-datatable m-datatable--light\">\n<thead>\n<tr>\n<th class=\"no-sort\" data-priority=\"1\">D\u00e9tails<\/th>\n<th class=\"no-sort\" data-priority=\"1\"><\/th>\n<\/tr>\n<\/thead>\n<tbody>\n<tr class=\"\">\n<td>Diam\u00e8tre (D) [mm]<\/td>\n<td>20.00<\/td>\n<\/tr>\n<tr class=\"\">\n<td>Longueur utile (L1) [mm]<\/td>\n<td>400<\/td>\n<\/tr>\n<tr class=\"\">\n<td>Longueur totale (L2) [mm]<\/td>\n<td>520<\/td>\n<\/tr>\n<\/tbody>\n<\/table>\n","protected":false},"featured_media":9845,"template":"","meta":[],"product_cat":[1277,405],"product_tag":[2523],"class_list":{"0":"post-9843","1":"product","2":"type-product","3":"status-publish","4":"has-post-thumbnail","6":"product_cat-accessoires-bosch","7":"product_cat-outillage","8":"product_tag-foret-sds-max-4-20-0-x-400mm","9":"product_brand-bosch-outillage","11":"first","12":"instock","13":"shipping-taxable","14":"product-type-simple","15":"col-xs-6 col-sm-4","16":"col-md-3 col-lg-3","17":"un-4-cols"},"yoast_head":"<!-- This site is optimized with the Yoast SEO plugin v22.5 - https:\/\/yoast.com\/wordpress\/plugins\/seo\/ -->\n<title>Foret SDS max-4 20,0 x 400mm - EURL HOSNA KAMEL<\/title>\n<meta name=\"description\" content=\"Foret SDS max-4 20,0 x 400mm - EURL HOSNA KAMEL\" \/>\n<meta name=\"robots\" content=\"index, follow, max-snippet:-1, max-image-preview:large, max-video-preview:-1\" \/>\n<link rel=\"canonical\" href=\"https:\/\/eurlhosnakamel.dz\/dz\/produit\/bosch-foret-sds-max-4-20520-5865\/\" \/>\n<meta property=\"og:locale\" content=\"fr_FR\" \/>\n<meta property=\"og:type\" content=\"article\" \/>\n<meta property=\"og:title\" content=\"Foret SDS max-4 20,0 x 400mm - EURL HOSNA KAMEL\" \/>\n<meta property=\"og:description\" content=\"Foret SDS max-4 20,0 x 400mm - EURL HOSNA KAMEL\" \/>\n<meta property=\"og:url\" content=\"https:\/\/eurlhosnakamel.dz\/dz\/produit\/bosch-foret-sds-max-4-20520-5865\/\" \/>\n<meta property=\"og:site_name\" content=\"EURL HOSNA KAMEL\" \/>\n<meta property=\"article:publisher\" content=\"https:\/\/www.facebook.com\/Eurl.Hosna.DZ\/\" \/>\n<meta property=\"article:modified_time\" content=\"2021-12-19T08:50:39+00:00\" \/>\n<meta property=\"og:image\" content=\"https:\/\/eurlhosnakamel.dz\/dz\/wp-content\/uploads\/2020\/05\/BOSCH-FORET-SDS-MAX-4-20-520-5865eurl-hosna-kamel-algerie.jpg\" \/>\n\t<meta property=\"og:image:width\" content=\"512\" \/>\n\t<meta property=\"og:image:height\" content=\"512\" \/>\n\t<meta property=\"og:image:type\" content=\"image\/jpeg\" \/>\n<meta name=\"twitter:card\" content=\"summary_large_image\" \/>\n<meta name=\"twitter:label1\" content=\"Dur\u00e9e de lecture estim\u00e9e\" \/>\n\t<meta name=\"twitter:data1\" content=\"1 minute\" \/>\n<script type=\"application\/ld+json\" class=\"yoast-schema-graph\">{\"@context\":\"https:\/\/schema.org\",\"@graph\":[{\"@type\":\"WebPage\",\"@id\":\"https:\/\/eurlhosnakamel.dz\/dz\/produit\/bosch-foret-sds-max-4-20520-5865\/\",\"url\":\"https:\/\/eurlhosnakamel.dz\/dz\/produit\/bosch-foret-sds-max-4-20520-5865\/\",\"name\":\"Foret SDS max-4 20,0 x 400mm - EURL HOSNA KAMEL\",\"isPartOf\":{\"@id\":\"https:\/\/eurlhosnakamel.dz\/dz\/#website\"},\"primaryImageOfPage\":{\"@id\":\"https:\/\/eurlhosnakamel.dz\/dz\/produit\/bosch-foret-sds-max-4-20520-5865\/#primaryimage\"},\"image\":{\"@id\":\"https:\/\/eurlhosnakamel.dz\/dz\/produit\/bosch-foret-sds-max-4-20520-5865\/#primaryimage\"},\"thumbnailUrl\":\"https:\/\/eurlhosnakamel.dz\/dz\/wp-content\/uploads\/2020\/05\/BOSCH-FORET-SDS-MAX-4-20-520-5865eurl-hosna-kamel-algerie.jpg\",\"datePublished\":\"2020-05-03T12:09:23+00:00\",\"dateModified\":\"2021-12-19T08:50:39+00:00\",\"description\":\"Foret SDS max-4 20,0 x 400mm - EURL HOSNA KAMEL\",\"breadcrumb\":{\"@id\":\"https:\/\/eurlhosnakamel.dz\/dz\/produit\/bosch-foret-sds-max-4-20520-5865\/#breadcrumb\"},\"inLanguage\":\"fr-FR\",\"potentialAction\":[{\"@type\":\"ReadAction\",\"target\":[\"https:\/\/eurlhosnakamel.dz\/dz\/produit\/bosch-foret-sds-max-4-20520-5865\/\"]}]},{\"@type\":\"ImageObject\",\"inLanguage\":\"fr-FR\",\"@id\":\"https:\/\/eurlhosnakamel.dz\/dz\/produit\/bosch-foret-sds-max-4-20520-5865\/#primaryimage\",\"url\":\"https:\/\/eurlhosnakamel.dz\/dz\/wp-content\/uploads\/2020\/05\/BOSCH-FORET-SDS-MAX-4-20-520-5865eurl-hosna-kamel-algerie.jpg\",\"contentUrl\":\"https:\/\/eurlhosnakamel.dz\/dz\/wp-content\/uploads\/2020\/05\/BOSCH-FORET-SDS-MAX-4-20-520-5865eurl-hosna-kamel-algerie.jpg\",\"width\":512,\"height\":512},{\"@type\":\"BreadcrumbList\",\"@id\":\"https:\/\/eurlhosnakamel.dz\/dz\/produit\/bosch-foret-sds-max-4-20520-5865\/#breadcrumb\",\"itemListElement\":[{\"@type\":\"ListItem\",\"position\":1,\"name\":\"Accueil\",\"item\":\"https:\/\/eurlhosnakamel.dz\/dz\/\"},{\"@type\":\"ListItem\",\"position\":2,\"name\":\"Shop\",\"item\":\"https:\/\/eurlhosnakamel.dz\/dz\/shop\/\"},{\"@type\":\"ListItem\",\"position\":3,\"name\":\"Foret SDS max-4 20,0 x 400mm\"}]},{\"@type\":\"WebSite\",\"@id\":\"https:\/\/eurlhosnakamel.dz\/dz\/#website\",\"url\":\"https:\/\/eurlhosnakamel.dz\/dz\/\",\"name\":\"EURL HOSNA KAMEL\",\"description\":\"Fournisseur Premium d&#039;Outillages Professionnels en Alg\u00e9rie -\",\"publisher\":{\"@id\":\"https:\/\/eurlhosnakamel.dz\/dz\/#organization\"},\"potentialAction\":[{\"@type\":\"SearchAction\",\"target\":{\"@type\":\"EntryPoint\",\"urlTemplate\":\"https:\/\/eurlhosnakamel.dz\/dz\/?s={search_term_string}\"},\"query-input\":\"required name=search_term_string\"}],\"inLanguage\":\"fr-FR\"},{\"@type\":\"Organization\",\"@id\":\"https:\/\/eurlhosnakamel.dz\/dz\/#organization\",\"name\":\"EURL HOSNA KAMEL - Bosch alg\u00e9rie\",\"url\":\"https:\/\/eurlhosnakamel.dz\/dz\/\",\"logo\":{\"@type\":\"ImageObject\",\"inLanguage\":\"fr-FR\",\"@id\":\"https:\/\/eurlhosnakamel.dz\/dz\/#\/schema\/logo\/image\/\",\"url\":\"https:\/\/eurlhosnakamel.dz\/wp-content\/uploads\/2020\/04\/LOGO-HOSNA1.png\",\"contentUrl\":\"https:\/\/eurlhosnakamel.dz\/wp-content\/uploads\/2020\/04\/LOGO-HOSNA1.png\",\"width\":120,\"height\":127,\"caption\":\"EURL HOSNA KAMEL - Bosch alg\u00e9rie\"},\"image\":{\"@id\":\"https:\/\/eurlhosnakamel.dz\/dz\/#\/schema\/logo\/image\/\"},\"sameAs\":[\"https:\/\/www.facebook.com\/Eurl.Hosna.DZ\/\"]}]}<\/script>\n<!-- \/ Yoast SEO plugin. -->","yoast_head_json":{"title":"Foret SDS max-4 20,0 x 400mm - EURL HOSNA KAMEL","description":"Foret SDS max-4 20,0 x 400mm - EURL HOSNA KAMEL","robots":{"index":"index","follow":"follow","max-snippet":"max-snippet:-1","max-image-preview":"max-image-preview:large","max-video-preview":"max-video-preview:-1"},"canonical":"https:\/\/eurlhosnakamel.dz\/dz\/produit\/bosch-foret-sds-max-4-20520-5865\/","og_locale":"fr_FR","og_type":"article","og_title":"Foret SDS max-4 20,0 x 400mm - EURL HOSNA KAMEL","og_description":"Foret SDS max-4 20,0 x 400mm - EURL HOSNA KAMEL","og_url":"https:\/\/eurlhosnakamel.dz\/dz\/produit\/bosch-foret-sds-max-4-20520-5865\/","og_site_name":"EURL HOSNA KAMEL","article_publisher":"https:\/\/www.facebook.com\/Eurl.Hosna.DZ\/","article_modified_time":"2021-12-19T08:50:39+00:00","og_image":[{"width":512,"height":512,"url":"https:\/\/eurlhosnakamel.dz\/dz\/wp-content\/uploads\/2020\/05\/BOSCH-FORET-SDS-MAX-4-20-520-5865eurl-hosna-kamel-algerie.jpg","type":"image\/jpeg"}],"twitter_card":"summary_large_image","twitter_misc":{"Dur\u00e9e de lecture estim\u00e9e":"1 minute"},"schema":{"@context":"https:\/\/schema.org","@graph":[{"@type":"WebPage","@id":"https:\/\/eurlhosnakamel.dz\/dz\/produit\/bosch-foret-sds-max-4-20520-5865\/","url":"https:\/\/eurlhosnakamel.dz\/dz\/produit\/bosch-foret-sds-max-4-20520-5865\/","name":"Foret SDS max-4 20,0 x 400mm - EURL HOSNA KAMEL","isPartOf":{"@id":"https:\/\/eurlhosnakamel.dz\/dz\/#website"},"primaryImageOfPage":{"@id":"https:\/\/eurlhosnakamel.dz\/dz\/produit\/bosch-foret-sds-max-4-20520-5865\/#primaryimage"},"image":{"@id":"https:\/\/eurlhosnakamel.dz\/dz\/produit\/bosch-foret-sds-max-4-20520-5865\/#primaryimage"},"thumbnailUrl":"https:\/\/eurlhosnakamel.dz\/dz\/wp-content\/uploads\/2020\/05\/BOSCH-FORET-SDS-MAX-4-20-520-5865eurl-hosna-kamel-algerie.jpg","datePublished":"2020-05-03T12:09:23+00:00","dateModified":"2021-12-19T08:50:39+00:00","description":"Foret SDS max-4 20,0 x 400mm - EURL HOSNA KAMEL","breadcrumb":{"@id":"https:\/\/eurlhosnakamel.dz\/dz\/produit\/bosch-foret-sds-max-4-20520-5865\/#breadcrumb"},"inLanguage":"fr-FR","potentialAction":[{"@type":"ReadAction","target":["https:\/\/eurlhosnakamel.dz\/dz\/produit\/bosch-foret-sds-max-4-20520-5865\/"]}]},{"@type":"ImageObject","inLanguage":"fr-FR","@id":"https:\/\/eurlhosnakamel.dz\/dz\/produit\/bosch-foret-sds-max-4-20520-5865\/#primaryimage","url":"https:\/\/eurlhosnakamel.dz\/dz\/wp-content\/uploads\/2020\/05\/BOSCH-FORET-SDS-MAX-4-20-520-5865eurl-hosna-kamel-algerie.jpg","contentUrl":"https:\/\/eurlhosnakamel.dz\/dz\/wp-content\/uploads\/2020\/05\/BOSCH-FORET-SDS-MAX-4-20-520-5865eurl-hosna-kamel-algerie.jpg","width":512,"height":512},{"@type":"BreadcrumbList","@id":"https:\/\/eurlhosnakamel.dz\/dz\/produit\/bosch-foret-sds-max-4-20520-5865\/#breadcrumb","itemListElement":[{"@type":"ListItem","position":1,"name":"Accueil","item":"https:\/\/eurlhosnakamel.dz\/dz\/"},{"@type":"ListItem","position":2,"name":"Shop","item":"https:\/\/eurlhosnakamel.dz\/dz\/shop\/"},{"@type":"ListItem","position":3,"name":"Foret SDS max-4 20,0 x 400mm"}]},{"@type":"WebSite","@id":"https:\/\/eurlhosnakamel.dz\/dz\/#website","url":"https:\/\/eurlhosnakamel.dz\/dz\/","name":"EURL HOSNA KAMEL","description":"Fournisseur Premium d&#039;Outillages Professionnels en Alg\u00e9rie -","publisher":{"@id":"https:\/\/eurlhosnakamel.dz\/dz\/#organization"},"potentialAction":[{"@type":"SearchAction","target":{"@type":"EntryPoint","urlTemplate":"https:\/\/eurlhosnakamel.dz\/dz\/?s={search_term_string}"},"query-input":"required name=search_term_string"}],"inLanguage":"fr-FR"},{"@type":"Organization","@id":"https:\/\/eurlhosnakamel.dz\/dz\/#organization","name":"EURL HOSNA KAMEL - Bosch alg\u00e9rie","url":"https:\/\/eurlhosnakamel.dz\/dz\/","logo":{"@type":"ImageObject","inLanguage":"fr-FR","@id":"https:\/\/eurlhosnakamel.dz\/dz\/#\/schema\/logo\/image\/","url":"https:\/\/eurlhosnakamel.dz\/wp-content\/uploads\/2020\/04\/LOGO-HOSNA1.png","contentUrl":"https:\/\/eurlhosnakamel.dz\/wp-content\/uploads\/2020\/04\/LOGO-HOSNA1.png","width":120,"height":127,"caption":"EURL HOSNA KAMEL - Bosch alg\u00e9rie"},"image":{"@id":"https:\/\/eurlhosnakamel.dz\/dz\/#\/schema\/logo\/image\/"},"sameAs":["https:\/\/www.facebook.com\/Eurl.Hosna.DZ\/"]}]}},"_links":{"self":[{"href":"https:\/\/eurlhosnakamel.dz\/dz\/wp-json\/wp\/v2\/product\/9843","targetHints":{"allow":["GET"]}}],"collection":[{"href":"https:\/\/eurlhosnakamel.dz\/dz\/wp-json\/wp\/v2\/product"}],"about":[{"href":"https:\/\/eurlhosnakamel.dz\/dz\/wp-json\/wp\/v2\/types\/product"}],"wp:featuredmedia":[{"embeddable":true,"href":"https:\/\/eurlhosnakamel.dz\/dz\/wp-json\/wp\/v2\/media\/9845"}],"wp:attachment":[{"href":"https:\/\/eurlhosnakamel.dz\/dz\/wp-json\/wp\/v2\/media?parent=9843"}],"wp:term":[{"taxonomy":"product_cat","embeddable":true,"href":"https:\/\/eurlhosnakamel.dz\/dz\/wp-json\/wp\/v2\/product_cat?post=9843"},{"taxonomy":"product_tag","embeddable":true,"href":"https:\/\/eurlhosnakamel.dz\/dz\/wp-json\/wp\/v2\/product_tag?post=9843"}],"curies":[{"name":"wp","href":"https:\/\/api.w.org\/{rel}","templated":true}]}}